{"id":222,"date":"2026-03-02T12:09:42","date_gmt":"2026-03-02T11:09:42","guid":{"rendered":"https:\/\/ok-oriovac.hr\/projects\/"},"modified":"2026-03-16T10:22:27","modified_gmt":"2026-03-16T09:22:27","slug":"projects","status":"publish","type":"page","link":"https:\/\/ok-oriovac.hr\/en\/projects\/","title":{"rendered":"Projects"},"content":{"rendered":"<section class=\"l-section wpb_row height_medium\"><div class=\"l-section-h i-cf\"><div class=\"g-cols vc_row via_grid cols_1 laptops-cols_inherit tablets-cols_inherit mobiles-cols_1 valign_top type_default stacking_default\"><div class=\"wpb_column vc_column_container us_custom_60e9caca us_animate_this\"><div class=\"vc_column-inner\"><div class=\"wpb_text_column\"><div class=\"wpb_wrapper\"><h1 style=\"text-align: center;\"><strong>PROJECTS<\/strong><\/h1>\n<\/div><\/div><div class=\"w-separator size_medium\"><\/div><div class=\"w-image us_custom_1bc46fcb align_center\"><div class=\"w-image-h\"><img decoding=\"async\" width=\"500\" height=\"500\" src=\"https:\/\/ok-oriovac.hr\/wp-content\/uploads\/2026\/02\/Generational_Volley_Logo-removebg-preview-1.png\" class=\"attachment-large size-large\" alt=\"\" loading=\"lazy\" srcset=\"https:\/\/ok-oriovac.hr\/wp-content\/uploads\/2026\/02\/Generational_Volley_Logo-removebg-preview-1.png 500w, https:\/\/ok-oriovac.hr\/wp-content\/uploads\/2026\/02\/Generational_Volley_Logo-removebg-preview-1-300x300.png 300w, https:\/\/ok-oriovac.hr\/wp-content\/uploads\/2026\/02\/Generational_Volley_Logo-removebg-preview-1-150x150.png 150w\" sizes=\"auto, (max-width: 500px) 100vw, 500px\" \/><\/div><\/div><\/div><\/div><\/div><\/div><\/section><section class=\"l-section wpb_row height_auto\"><div class=\"l-section-h i-cf\"><div class=\"g-cols vc_row via_grid cols_1 laptops-cols_inherit tablets-cols_inherit mobiles-cols_1 valign_top type_default reversed stacking_default\"><div class=\"wpb_column vc_column_container us_custom_de366d1c us_animate_this\"><div class=\"vc_column-inner\"><div class=\"wpb_text_column us_custom_42b88e53\"><div class=\"wpb_wrapper\"><p><b>Generational Volley<\/b> is an Erasmus+ project in which our club has been participating since this year and is only one of many projects that our club plans to implement. Volleyball Club Oriovac is a partner with the sports organizations Kargen\u00e7 \u00c7evre Spor Kul\u00fcb\u00fc (Sakarya, Turkey) and Sporting Clube Le\u00f5es das Enguardas (Braga, Portugal), with whom they are implementing a project that emerged as a result of findings obtained from numerous studies related to the quality of life of citizens of the European Union. Research by the European Union has shown that women in rural areas do not have the opportunity to participate in sports activities and are insufficiently active both physically and socially.<\/p>\n<p><span style=\"font-weight: 400;\">Due to the mentioned research, that is, the obtained results, the Generational Volley project was launched with the task of raising the level of physical and social activity of adult women in rural areas of Turkey, Portugal and Croatia through volleyball. It is known that volleyball as a sport is highly developed at the recreational level because it is not a contact sport and the beginner level does not require complicated conditions. During nice days, it is enough to gather a few people outdoors, place some kind of barrier between two teams and start passing the ball over that barrier. Our project, however, has better conditions such as a sports hall and basic conditions for holding volleyball training, which greatly helps the quality of the project implementation and therefore a greater response from interested adult women from our area.   <\/span><\/p>\n<p><span style=\"font-weight: 400;\">The project is held in the sports hall of the Elementary School in Oriovac where you can come to a free training session and register for the tournament that will be held at the end of 2026.<br \/> <\/span><\/p>\n<p><span style=\"font-weight: 400;\">Expect many new acquaintances, lots of socializing and fun and most importantly, plenty of movement and physical activity with an emphasis on safe learning of movements and volleyball skills which, we hope, you will use even after the project ends.<br \/><\/span><\/p>\n<p><strong>Project goals:<br \/><\/strong><\/p>\n<ul>\n<li style=\"font-weight: 400;\" aria-level=\"1\"><span style=\"font-weight: 400;\">encouraging adult women to engage in sport in the long term<br \/><\/span><\/li>\n<li style=\"font-weight: 400;\" aria-level=\"1\"><span style=\"font-weight: 400;\">education about the importance of physical activity<br \/><\/span><\/li>\n<li style=\"font-weight: 400;\" aria-level=\"1\"><span style=\"font-weight: 400;\">encouraging socializing through sport<br \/><\/span><\/li>\n<li style=\"font-weight: 400;\" aria-level=\"1\"><span style=\"font-weight: 400;\">involving the community in sports activities<br \/><\/span><\/li>\n<\/ul>\n<p><strong>The project includes:<br \/><\/strong><\/p>\n<ul>\n<li style=\"font-weight: 400;\" aria-level=\"1\"><span style=\"font-weight: 400;\">trainings adapted to adult beginners<br \/><\/span><\/li>\n<li style=\"font-weight: 400;\" aria-level=\"1\"><span style=\"font-weight: 400;\">sports meetings \/ tournaments<br \/><\/span><\/li>\n<li style=\"font-weight: 400;\" aria-level=\"1\"><span style=\"font-weight: 400;\">educational workshops<br \/><\/span><\/li>\n<li style=\"font-weight: 400;\" aria-level=\"1\"><span style=\"font-weight: 400;\">cooperation with other clubs from the region<br \/> <\/span><\/li>\n<\/ul>\n<\/div><\/div><div class=\"w-separator size_medium\"><\/div><\/div><\/div><\/div><\/div><\/section>\n","protected":false},"excerpt":{"rendered":"","protected":false},"author":1,"featured_media":0,"parent":0,"menu_order":0,"comment_status":"closed","ping_status":"closed","template":"","meta":{"footnotes":""},"class_list":["post-222","page","type-page","status-publish","hentry"],"yoast_head":"<!-- This site is optimized with the Yoast SEO plugin v27.1.1 - https:\/\/yoast.com\/product\/yoast-seo-wordpress\/ -->\n<title>Projects &amp; Initiatives | Developing Sport in Oriovac<\/title>\n<meta name=\"description\" content=\"Learn about OK Oriovac&#039;s latest projects focused on sports infrastructure, youth development, and promoting a healthy lifestyle.\" \/>\n<meta name=\"robots\" content=\"index, follow, max-snippet:-1, max-image-preview:large, max-video-preview:-1\" \/>\n<link rel=\"canonical\" href=\"https:\/\/ok-oriovac.hr\/en\/projects\/\" \/>\n<meta property=\"og:locale\" content=\"en_US\" \/>\n<meta property=\"og:type\" content=\"article\" \/>\n<meta property=\"og:title\" content=\"Projects &amp; Initiatives | Developing Sport in Oriovac\" \/>\n<meta property=\"og:description\" content=\"Learn about OK Oriovac&#039;s latest projects focused on sports infrastructure, youth development, and promoting a healthy lifestyle.\" \/>\n<meta property=\"og:url\" content=\"https:\/\/ok-oriovac.hr\/en\/projects\/\" \/>\n<meta property=\"og:site_name\" content=\"OK Oriovac\" \/>\n<meta property=\"article:modified_time\" content=\"2026-03-16T09:22:27+00:00\" \/>\n<meta name=\"twitter:card\" content=\"summary_large_image\" \/>\n<meta name=\"twitter:label1\" content=\"Est. reading time\" \/>\n\t<meta name=\"twitter:data1\" content=\"3 minutes\" \/>\n<script type=\"application\/ld+json\" class=\"yoast-schema-graph\">{\"@context\":\"https:\/\/schema.org\",\"@graph\":[{\"@type\":\"WebPage\",\"@id\":\"https:\/\/ok-oriovac.hr\/en\/projects\/\",\"url\":\"https:\/\/ok-oriovac.hr\/en\/projects\/\",\"name\":\"Projects & Initiatives | Developing Sport in Oriovac\",\"isPartOf\":{\"@id\":\"https:\/\/ok-oriovac.hr\/en\/#website\"},\"datePublished\":\"2026-03-02T11:09:42+00:00\",\"dateModified\":\"2026-03-16T09:22:27+00:00\",\"description\":\"Learn about OK Oriovac's latest projects focused on sports infrastructure, youth development, and promoting a healthy lifestyle.\",\"breadcrumb\":{\"@id\":\"https:\/\/ok-oriovac.hr\/en\/projects\/#breadcrumb\"},\"inLanguage\":\"en-US\",\"potentialAction\":[{\"@type\":\"ReadAction\",\"target\":[\"https:\/\/ok-oriovac.hr\/en\/projects\/\"]}]},{\"@type\":\"BreadcrumbList\",\"@id\":\"https:\/\/ok-oriovac.hr\/en\/projects\/#breadcrumb\",\"itemListElement\":[{\"@type\":\"ListItem\",\"position\":1,\"name\":\"Po\u010detna stranica\",\"item\":\"https:\/\/ok-oriovac.hr\/en\/homepage\/\"},{\"@type\":\"ListItem\",\"position\":2,\"name\":\"Projects\"}]},{\"@type\":\"WebSite\",\"@id\":\"https:\/\/ok-oriovac.hr\/en\/#website\",\"url\":\"https:\/\/ok-oriovac.hr\/en\/\",\"name\":\"OK Oriovac\",\"description\":\"\",\"potentialAction\":[{\"@type\":\"SearchAction\",\"target\":{\"@type\":\"EntryPoint\",\"urlTemplate\":\"https:\/\/ok-oriovac.hr\/en\/?s={search_term_string}\"},\"query-input\":{\"@type\":\"PropertyValueSpecification\",\"valueRequired\":true,\"valueName\":\"search_term_string\"}}],\"inLanguage\":\"en-US\"}]}<\/script>\n<!-- \/ Yoast SEO plugin. -->","yoast_head_json":{"title":"Projects & Initiatives | Developing Sport in Oriovac","description":"Learn about OK Oriovac's latest projects focused on sports infrastructure, youth development, and promoting a healthy lifestyle.","robots":{"index":"index","follow":"follow","max-snippet":"max-snippet:-1","max-image-preview":"max-image-preview:large","max-video-preview":"max-video-preview:-1"},"canonical":"https:\/\/ok-oriovac.hr\/en\/projects\/","og_locale":"en_US","og_type":"article","og_title":"Projects & Initiatives | Developing Sport in Oriovac","og_description":"Learn about OK Oriovac's latest projects focused on sports infrastructure, youth development, and promoting a healthy lifestyle.","og_url":"https:\/\/ok-oriovac.hr\/en\/projects\/","og_site_name":"OK Oriovac","article_modified_time":"2026-03-16T09:22:27+00:00","twitter_card":"summary_large_image","twitter_misc":{"Est. reading time":"3 minutes"},"schema":{"@context":"https:\/\/schema.org","@graph":[{"@type":"WebPage","@id":"https:\/\/ok-oriovac.hr\/en\/projects\/","url":"https:\/\/ok-oriovac.hr\/en\/projects\/","name":"Projects & Initiatives | Developing Sport in Oriovac","isPartOf":{"@id":"https:\/\/ok-oriovac.hr\/en\/#website"},"datePublished":"2026-03-02T11:09:42+00:00","dateModified":"2026-03-16T09:22:27+00:00","description":"Learn about OK Oriovac's latest projects focused on sports infrastructure, youth development, and promoting a healthy lifestyle.","breadcrumb":{"@id":"https:\/\/ok-oriovac.hr\/en\/projects\/#breadcrumb"},"inLanguage":"en-US","potentialAction":[{"@type":"ReadAction","target":["https:\/\/ok-oriovac.hr\/en\/projects\/"]}]},{"@type":"BreadcrumbList","@id":"https:\/\/ok-oriovac.hr\/en\/projects\/#breadcrumb","itemListElement":[{"@type":"ListItem","position":1,"name":"Po\u010detna stranica","item":"https:\/\/ok-oriovac.hr\/en\/homepage\/"},{"@type":"ListItem","position":2,"name":"Projects"}]},{"@type":"WebSite","@id":"https:\/\/ok-oriovac.hr\/en\/#website","url":"https:\/\/ok-oriovac.hr\/en\/","name":"OK Oriovac","description":"","potentialAction":[{"@type":"SearchAction","target":{"@type":"EntryPoint","urlTemplate":"https:\/\/ok-oriovac.hr\/en\/?s={search_term_string}"},"query-input":{"@type":"PropertyValueSpecification","valueRequired":true,"valueName":"search_term_string"}}],"inLanguage":"en-US"}]}},"_links":{"self":[{"href":"https:\/\/ok-oriovac.hr\/en\/wp-json\/wp\/v2\/pages\/222","targetHints":{"allow":["GET"]}}],"collection":[{"href":"https:\/\/ok-oriovac.hr\/en\/wp-json\/wp\/v2\/pages"}],"about":[{"href":"https:\/\/ok-oriovac.hr\/en\/wp-json\/wp\/v2\/types\/page"}],"author":[{"embeddable":true,"href":"https:\/\/ok-oriovac.hr\/en\/wp-json\/wp\/v2\/users\/1"}],"replies":[{"embeddable":true,"href":"https:\/\/ok-oriovac.hr\/en\/wp-json\/wp\/v2\/comments?post=222"}],"version-history":[{"count":4,"href":"https:\/\/ok-oriovac.hr\/en\/wp-json\/wp\/v2\/pages\/222\/revisions"}],"predecessor-version":[{"id":344,"href":"https:\/\/ok-oriovac.hr\/en\/wp-json\/wp\/v2\/pages\/222\/revisions\/344"}],"wp:attachment":[{"href":"https:\/\/ok-oriovac.hr\/en\/wp-json\/wp\/v2\/media?parent=222"}],"curies":[{"name":"wp","href":"https:\/\/api.w.org\/{rel}","templated":true}]}}