{"id":210,"date":"2026-02-27T11:42:08","date_gmt":"2026-02-27T10:42:08","guid":{"rendered":"https:\/\/ok-oriovac.hr\/contact\/"},"modified":"2026-03-16T10:18:17","modified_gmt":"2026-03-16T09:18:17","slug":"contact","status":"publish","type":"page","link":"https:\/\/ok-oriovac.hr\/en\/contact\/","title":{"rendered":"Contact"},"content":{"rendered":"<section class=\"l-section wpb_row height_medium\"><div class=\"l-section-h i-cf\"><div class=\"g-cols vc_row via_grid cols_1 laptops-cols_inherit tablets-cols_inherit mobiles-cols_1 valign_top type_default stacking_default\"><div class=\"wpb_column vc_column_container us_custom_39b998b6 has_text_color has_bg_color\"><div class=\"vc_column-inner\"><h1 class=\"w-text us_custom_9f366f74 has_text_color\"><span class=\"w-text-h\"><span class=\"w-text-value\">Contact Information<\/span><\/span><\/h1><div class=\"w-hwrapper valign_middle wrap align_justify\" style=\"--hwrapper-gap:70px\"><div class=\"wpb_text_column us_custom_80a2f3a8\"><div class=\"wpb_wrapper\"><p>VOLLEYBALL CLUB ORIOVAC<br \/>\nAugusta Cesarca 9, 35250 Oriovac<br \/>\nOIB: 12482096640<\/p>\n<p><span style=\"font-weight: 400;\">For all inquiries regarding registrations, schedules, or programs, feel free to contact us.<\/span><\/p>\n<\/div><\/div><div class=\"w-socials us_custom_63a2f5c3 color_text shape_none\" style=\"--gap:16px;\"><div class=\"w-socials-list\"><div class=\"w-socials-item facebook\"><a target=\"_blank\" rel=\"nofollow\" href=\"https:\/\/www.facebook.com\/profile.php?id=61584323192170\" class=\"w-socials-item-link\" aria-label=\"Facebook\"><span class=\"w-socials-item-link-hover\"><\/span><i class=\"fab fa-facebook\"><\/i><\/a><div class=\"w-socials-item-popup\"><span>Facebook<\/span><\/div><\/div><div class=\"w-socials-item instagram\"><a target=\"_blank\" rel=\"nofollow\" href=\"https:\/\/www.instagram.com\/odbojka.oriovac2025\/\" class=\"w-socials-item-link\" aria-label=\"Instagram\"><span class=\"w-socials-item-link-hover\"><\/span><i class=\"fab fa-instagram\"><\/i><\/a><div class=\"w-socials-item-popup\"><span>Instagram<\/span><\/div><\/div><\/div><\/div><\/div><div class=\"w-separator size_medium with_line width_default thick_1 style_solid color_border align_center\"><div class=\"w-separator-h\"><\/div><\/div><div class=\"w-text us_custom_bd2783a2\"><span class=\"w-text-h\"><span class=\"w-text-value\">President: Julijana Ore\u0161kovi\u0107<\/span><\/span><\/div><div class=\"w-hwrapper valign_middle wrap align_justify\" style=\"--hwrapper-gap:39px\"><div class=\"w-text us_custom_29564de7 has_text_color icon_atleft\"><a href=\"tel:+385 99 314 5215\" class=\"w-text-h\"><i class=\"fas fa-phone\"><\/i><span class=\"w-text-value\">+385 99 314 5215<\/span><\/a><\/div><div class=\"w-text us_custom_29564de7 has_text_color icon_atleft\"><a href=\"mailto:odbojka.oriovac@gmail.com\" class=\"w-text-h\"><i class=\"far fa-envelope\"><\/i><span class=\"w-text-value\">odbojka.oriovac@gmail.com<\/span><\/a><\/div><\/div><div class=\"w-text us_custom_bd2783a2\"><span class=\"w-text-h\"><span class=\"w-text-value\">Coach: Ivan \u0110or\u0111evi\u0107<\/span><\/span><\/div><div class=\"w-hwrapper valign_middle wrap align_justify\" style=\"--hwrapper-gap:70px\"><div class=\"w-text us_custom_29564de7 has_text_color icon_atleft\"><a href=\"tel:+385 92 232 3329\" class=\"w-text-h\"><i class=\"fas fa-phone\"><\/i><span class=\"w-text-value\">+385 92 232 3329<\/span><\/a><\/div><\/div><\/div><\/div><\/div><\/div><\/section>\n","protected":false},"excerpt":{"rendered":"","protected":false},"author":1,"featured_media":0,"parent":0,"menu_order":0,"comment_status":"closed","ping_status":"closed","template":"","meta":{"footnotes":""},"class_list":["post-210","page","type-page","status-publish","hentry"],"yoast_head":"<!-- This site is optimized with the Yoast SEO plugin v27.1.1 - https:\/\/yoast.com\/product\/yoast-seo-wordpress\/ -->\n<title>Contact Us | OK Oriovac - Join the Club<\/title>\n<meta name=\"description\" content=\"Have questions or want to enroll in volleyball school? Find our contact information, gym address, and send us an inquiry directly.\" \/>\n<meta name=\"robots\" content=\"index, follow, max-snippet:-1, max-image-preview:large, max-video-preview:-1\" \/>\n<link rel=\"canonical\" href=\"https:\/\/ok-oriovac.hr\/en\/contact\/\" \/>\n<meta property=\"og:locale\" content=\"en_US\" \/>\n<meta property=\"og:type\" content=\"article\" \/>\n<meta property=\"og:title\" content=\"Contact Us | OK Oriovac - Join the Club\" \/>\n<meta property=\"og:description\" content=\"Have questions or want to enroll in volleyball school? Find our contact information, gym address, and send us an inquiry directly.\" \/>\n<meta property=\"og:url\" content=\"https:\/\/ok-oriovac.hr\/en\/contact\/\" \/>\n<meta property=\"og:site_name\" content=\"OK Oriovac\" \/>\n<meta property=\"article:modified_time\" content=\"2026-03-16T09:18:17+00:00\" \/>\n<meta name=\"twitter:card\" content=\"summary_large_image\" \/>\n<meta name=\"twitter:label1\" content=\"Est. reading time\" \/>\n\t<meta name=\"twitter:data1\" content=\"4 minutes\" \/>\n<script type=\"application\/ld+json\" class=\"yoast-schema-graph\">{\"@context\":\"https:\/\/schema.org\",\"@graph\":[{\"@type\":\"WebPage\",\"@id\":\"https:\/\/ok-oriovac.hr\/en\/contact\/\",\"url\":\"https:\/\/ok-oriovac.hr\/en\/contact\/\",\"name\":\"Contact Us | OK Oriovac - Join the Club\",\"isPartOf\":{\"@id\":\"https:\/\/ok-oriovac.hr\/en\/#website\"},\"datePublished\":\"2026-02-27T10:42:08+00:00\",\"dateModified\":\"2026-03-16T09:18:17+00:00\",\"description\":\"Have questions or want to enroll in volleyball school? Find our contact information, gym address, and send us an inquiry directly.\",\"breadcrumb\":{\"@id\":\"https:\/\/ok-oriovac.hr\/en\/contact\/#breadcrumb\"},\"inLanguage\":\"en-US\",\"potentialAction\":[{\"@type\":\"ReadAction\",\"target\":[\"https:\/\/ok-oriovac.hr\/en\/contact\/\"]}]},{\"@type\":\"BreadcrumbList\",\"@id\":\"https:\/\/ok-oriovac.hr\/en\/contact\/#breadcrumb\",\"itemListElement\":[{\"@type\":\"ListItem\",\"position\":1,\"name\":\"Po\u010detna stranica\",\"item\":\"https:\/\/ok-oriovac.hr\/en\/homepage\/\"},{\"@type\":\"ListItem\",\"position\":2,\"name\":\"Contact\"}]},{\"@type\":\"WebSite\",\"@id\":\"https:\/\/ok-oriovac.hr\/en\/#website\",\"url\":\"https:\/\/ok-oriovac.hr\/en\/\",\"name\":\"OK Oriovac\",\"description\":\"\",\"potentialAction\":[{\"@type\":\"SearchAction\",\"target\":{\"@type\":\"EntryPoint\",\"urlTemplate\":\"https:\/\/ok-oriovac.hr\/en\/?s={search_term_string}\"},\"query-input\":{\"@type\":\"PropertyValueSpecification\",\"valueRequired\":true,\"valueName\":\"search_term_string\"}}],\"inLanguage\":\"en-US\"}]}<\/script>\n<!-- \/ Yoast SEO plugin. -->","yoast_head_json":{"title":"Contact Us | OK Oriovac - Join the Club","description":"Have questions or want to enroll in volleyball school? Find our contact information, gym address, and send us an inquiry directly.","robots":{"index":"index","follow":"follow","max-snippet":"max-snippet:-1","max-image-preview":"max-image-preview:large","max-video-preview":"max-video-preview:-1"},"canonical":"https:\/\/ok-oriovac.hr\/en\/contact\/","og_locale":"en_US","og_type":"article","og_title":"Contact Us | OK Oriovac - Join the Club","og_description":"Have questions or want to enroll in volleyball school? Find our contact information, gym address, and send us an inquiry directly.","og_url":"https:\/\/ok-oriovac.hr\/en\/contact\/","og_site_name":"OK Oriovac","article_modified_time":"2026-03-16T09:18:17+00:00","twitter_card":"summary_large_image","twitter_misc":{"Est. reading time":"4 minutes"},"schema":{"@context":"https:\/\/schema.org","@graph":[{"@type":"WebPage","@id":"https:\/\/ok-oriovac.hr\/en\/contact\/","url":"https:\/\/ok-oriovac.hr\/en\/contact\/","name":"Contact Us | OK Oriovac - Join the Club","isPartOf":{"@id":"https:\/\/ok-oriovac.hr\/en\/#website"},"datePublished":"2026-02-27T10:42:08+00:00","dateModified":"2026-03-16T09:18:17+00:00","description":"Have questions or want to enroll in volleyball school? Find our contact information, gym address, and send us an inquiry directly.","breadcrumb":{"@id":"https:\/\/ok-oriovac.hr\/en\/contact\/#breadcrumb"},"inLanguage":"en-US","potentialAction":[{"@type":"ReadAction","target":["https:\/\/ok-oriovac.hr\/en\/contact\/"]}]},{"@type":"BreadcrumbList","@id":"https:\/\/ok-oriovac.hr\/en\/contact\/#breadcrumb","itemListElement":[{"@type":"ListItem","position":1,"name":"Po\u010detna stranica","item":"https:\/\/ok-oriovac.hr\/en\/homepage\/"},{"@type":"ListItem","position":2,"name":"Contact"}]},{"@type":"WebSite","@id":"https:\/\/ok-oriovac.hr\/en\/#website","url":"https:\/\/ok-oriovac.hr\/en\/","name":"OK Oriovac","description":"","potentialAction":[{"@type":"SearchAction","target":{"@type":"EntryPoint","urlTemplate":"https:\/\/ok-oriovac.hr\/en\/?s={search_term_string}"},"query-input":{"@type":"PropertyValueSpecification","valueRequired":true,"valueName":"search_term_string"}}],"inLanguage":"en-US"}]}},"_links":{"self":[{"href":"https:\/\/ok-oriovac.hr\/en\/wp-json\/wp\/v2\/pages\/210","targetHints":{"allow":["GET"]}}],"collection":[{"href":"https:\/\/ok-oriovac.hr\/en\/wp-json\/wp\/v2\/pages"}],"about":[{"href":"https:\/\/ok-oriovac.hr\/en\/wp-json\/wp\/v2\/types\/page"}],"author":[{"embeddable":true,"href":"https:\/\/ok-oriovac.hr\/en\/wp-json\/wp\/v2\/users\/1"}],"replies":[{"embeddable":true,"href":"https:\/\/ok-oriovac.hr\/en\/wp-json\/wp\/v2\/comments?post=210"}],"version-history":[{"count":9,"href":"https:\/\/ok-oriovac.hr\/en\/wp-json\/wp\/v2\/pages\/210\/revisions"}],"predecessor-version":[{"id":336,"href":"https:\/\/ok-oriovac.hr\/en\/wp-json\/wp\/v2\/pages\/210\/revisions\/336"}],"wp:attachment":[{"href":"https:\/\/ok-oriovac.hr\/en\/wp-json\/wp\/v2\/media?parent=210"}],"curies":[{"name":"wp","href":"https:\/\/api.w.org\/{rel}","templated":true}]}}