{"id":200,"date":"2026-02-26T12:38:43","date_gmt":"2026-02-26T11:38:43","guid":{"rendered":"https:\/\/ok-oriovac.hr\/homepage\/"},"modified":"2026-03-16T10:21:25","modified_gmt":"2026-03-16T09:21:25","slug":"homepage","status":"publish","type":"page","link":"https:\/\/ok-oriovac.hr\/en\/","title":{"rendered":"Homepage"},"content":{"rendered":"<section class=\"l-section wpb_row height_medium\"><div class=\"l-section-h i-cf\"><div class=\"g-cols vc_row via_grid cols_3-2 laptops-cols_inherit tablets-cols_1 mobiles-cols_1 valign_middle type_default stacking_default\" style=\"--columns-gap:2rem;\"><div class=\"wpb_column vc_column_container\"><div class=\"vc_column-inner\"><div class=\"w-text us_custom_1b0b732a us_animate_this\"><span class=\"w-text-h\"><span class=\"w-text-value\">Volleyball Club Oriovac<\/span><\/span><\/div><div class=\"w-separator size_medium\"><\/div><div class=\"wpb_text_column us_custom_b21520de has_text_color us_animate_this\"><div class=\"wpb_wrapper\"><p>join a healthy lifestyle through sports recreation<\/p>\n<\/div><\/div><\/div><\/div><div class=\"wpb_column vc_column_container us_custom_5173b582 us_animate_this has_bg_color\"><div class=\"vc_column-inner\"><div class=\"w-popup align_none\"><span class=\"w-popup-trigger type_selector\" data-selector=\"#video-popup\"><\/span><div class=\"w-popup-overlay\" style=\"background:rgba(79,178,0,0.90);\"><\/div><div class=\"w-popup-wrap layout_default\" role=\"dialog\" aria-modal=\"true\" aria-label=\"Popup\" style=\"--title-color:var(--color-content-heading);--title-bg-color:var(--color-content-bg-alt);--content-color:;--content-bg-color:;--popup-width:1120px;\"><button aria-label=\"Close\" class=\"w-popup-closer\" type=\"button\"><\/button><div class=\"w-popup-box animation_scaleUp closerpos_outside without_title\"><div class=\"w-popup-box-h\"><div class=\"w-popup-box-content\"><\/div><\/div><\/div><\/div><\/div><\/div><\/div><\/div><\/div><\/section><section class=\"l-section wpb_row height_medium\"><div class=\"l-section-h i-cf\"><div class=\"g-cols vc_row via_grid cols_1 laptops-cols_inherit tablets-cols_inherit mobiles-cols_1 valign_top type_default stacking_default\"><div class=\"wpb_column vc_column_container\"><div class=\"vc_column-inner\"><div class=\"g-cols wpb_row us_custom_2703a8d5 us_animate_this via_grid cols_3-2 laptops-cols_inherit tablets-cols_1 mobiles-cols_1 valign_top type_default stacking_default\" style=\"--columns-gap:3rem;\"><div class=\"wpb_column vc_column_container\"><div class=\"vc_column-inner\"><h2 class=\"w-text us_custom_578bd5c6 has_text_color\"><span class=\"w-text-h\"><span class=\"w-text-value\">NEW CLUB WITH TRAININGS FOR EVERYONE<\/span><\/span><\/h2><\/div><\/div><div class=\"wpb_column vc_column_container\"><div class=\"vc_column-inner\"><h2 class=\"w-text us_custom_30dd4a98 has_text_color\"><span class=\"w-text-h\"><span class=\"w-text-value\">School<\/span><\/span><\/h2><div class=\"w-text us_custom_8d647d20 has_text_color\"><span class=\"w-text-h\"><span class=\"w-text-value\">Intended for girls from 1st grade. to the 8th grade of elementary school<\/span><\/span><\/div><div class=\"w-separator size_small\"><\/div><h2 class=\"w-text us_custom_30dd4a98 has_text_color\"><span class=\"w-text-h\"><span class=\"w-text-value\">Recreation<\/span><\/span><\/h2><div class=\"w-text us_custom_8d647d20 has_text_color\"><span class=\"w-text-h\"><span class=\"w-text-value\">From the youngest to adult recreational players.<\/span><\/span><\/div><div class=\"w-separator size_medium\"><\/div><div class=\"w-btn-wrapper align_none\"><a class=\"w-btn us-btn-style_4\" href=\"https:\/\/ok-oriovac.hr\/en\/contact\/\"><span class=\"w-btn-label\">Registrations are open<\/span><\/a><\/div><\/div><\/div><\/div><\/div><\/div><\/div><\/div><\/section><section class=\"l-section wpb_row height_medium width_custom\" style=\"--site-content-width:880px;\"><div class=\"l-section-h i-cf\"><div class=\"g-cols vc_row via_grid cols_2 laptops-cols_inherit tablets-cols_inherit mobiles-cols_1 valign_top type_default stacking_default\" style=\"--columns-gap:5rem;\"><div class=\"wpb_column vc_column_container us_custom_2a50e12f us_animate_this\"><div class=\"vc_column-inner\"><h2 class=\"w-text us_custom_b37d7a5e has_text_color\"><span class=\"w-text-h\"><span class=\"w-text-value\">01<\/span><\/span><\/h2><h3 class=\"w-text us_custom_706649be\"><span class=\"w-text-h\"><span class=\"w-text-value\">Learn the rules of volleyball<\/span><\/span><\/h3><div class=\"wpb_text_column\"><div class=\"wpb_wrapper\"><p>Volleyball is the sport with the highest number of registered national federations in the world, which makes the International Volleyball Federation the largest umbrella sports organization in the world.<\/p>\n<\/div><\/div><\/div><\/div><div class=\"wpb_column vc_column_container us_custom_519551f0 us_animate_this\"><div class=\"vc_column-inner\"><h2 class=\"w-text us_custom_b37d7a5e has_text_color\"><span class=\"w-text-h\"><span class=\"w-text-value\">02<\/span><\/span><\/h2><h3 class=\"w-text us_custom_706649be\"><span class=\"w-text-h\"><span class=\"w-text-value\">Improve in teamwork<\/span><\/span><\/h3><div class=\"wpb_text_column\"><div class=\"wpb_wrapper\"><p><span>Volleyball as a sport has an excellent foundation for success in any field, and competitions at official and unofficial levels are organized throughout the year for all age groups.<\/span><\/p>\n<\/div><\/div><\/div><\/div><div class=\"wpb_column vc_column_container us_custom_000a4478 us_animate_this\"><div class=\"vc_column-inner\"><h2 class=\"w-text us_custom_b37d7a5e has_text_color\"><span class=\"w-text-h\"><span class=\"w-text-value\">03<\/span><\/span><\/h2><h3 class=\"w-text us_custom_706649be\"><span class=\"w-text-h\"><span class=\"w-text-value\">Develop through fun<\/span><\/span><\/h3><div class=\"wpb_text_column\"><div class=\"wpb_wrapper\"><p><span>We create a safe, motivating and encouraging environment in which every member can progress at their own pace and develop physical and social skills.<\/span><\/p>\n<\/div><\/div><\/div><\/div><div class=\"wpb_column vc_column_container us_custom_f3ea6a76 us_animate_this\"><div class=\"vc_column-inner\"><h2 class=\"w-text us_custom_dea7cf95 has_text_color\"><span class=\"w-text-h\"><span class=\"w-text-value\">04<\/span><\/span><\/h2><h3 class=\"w-text us_custom_706649be\"><span class=\"w-text-h\"><span class=\"w-text-value\">We build the community together<\/span><\/span><\/h3><div class=\"wpb_text_column\"><div class=\"wpb_wrapper\"><p>We give every girl an opportunity to grow \u2013 as an athlete, but also as a person.<\/p>\n<\/div><\/div><\/div><\/div><\/div><\/div><\/section><section class=\"l-section wpb_row height_medium\"><div class=\"l-section-h i-cf\"><div class=\"g-cols vc_row via_grid cols_2-3 laptops-cols_inherit tablets-cols_1 mobiles-cols_1 valign_top type_default reversed stacking_default\" style=\"--columns-gap:2rem;\"><div class=\"wpb_column vc_column_container us_custom_60cd1518 us_animate_this has_bg_color\"><div class=\"vc_column-inner\"><div class=\"wpb_text_column us_custom_9ad16fb4 has_text_color\"><div class=\"wpb_wrapper\"><h3><span>THROUGH PROFESSIONAL TRAINING WE ENCOURAGE:<\/span><\/h3>\n<ul>\n<li>development of motor skills<\/li>\n<li>adoption of proper volleyball technique<\/li>\n<li>team spirit and fair play<\/li>\n<li>responsibility and discipline<\/li>\n<\/ul>\n<\/div><\/div><div class=\"w-separator size_custom\" style=\"height:3rem\"><\/div><div class=\"w-btn-wrapper align_none\"><a class=\"w-btn us-btn-style_1\" href=\"https:\/\/ok-oriovac.hr\/en\/about-us\/\"><span class=\"w-btn-label\">More about us<\/span><\/a><\/div><\/div><\/div><div class=\"wpb_column vc_column_container us_custom_42879a67 us_animate_this has_bg_color\"><div class=\"vc_column-inner\"><div class=\"w-separator us_custom_8ffe3a6b size_custom\" style=\"height:300px\"><\/div><\/div><\/div><\/div><\/div><\/section><section class=\"l-section wpb_row height_medium\"><div class=\"l-section-h i-cf\"><div class=\"g-cols vc_row via_grid cols_1 laptops-cols_inherit tablets-cols_inherit mobiles-cols_1 valign_top type_default stacking_default\"><div class=\"wpb_column vc_column_container\"><div class=\"vc_column-inner\"><div class=\"w-image us_custom_5c301df7 us_animate_this align_none\"><div class=\"w-image-h\"><img decoding=\"async\" width=\"1920\" height=\"1081\" src=\"https:\/\/ok-oriovac.hr\/wp-content\/uploads\/2026\/02\/drukciji-pristup.jpg\" class=\"attachment-full size-full\" alt=\"\" loading=\"lazy\" srcset=\"https:\/\/ok-oriovac.hr\/wp-content\/uploads\/2026\/02\/drukciji-pristup.jpg 1920w, https:\/\/ok-oriovac.hr\/wp-content\/uploads\/2026\/02\/drukciji-pristup-300x169.jpg 300w, https:\/\/ok-oriovac.hr\/wp-content\/uploads\/2026\/02\/drukciji-pristup-1024x577.jpg 1024w\" sizes=\"auto, (max-width: 1920px) 100vw, 1920px\" \/><\/div><\/div><div class=\"w-separator size_medium\"><\/div><div class=\"wpb_text_column us_custom_2a674db0 us_animate_this\"><div class=\"wpb_wrapper\"><h3>A different approach to learning<\/h3>\n<p>We believe that sport is not only competition, but also character development, learning responsibility, building self-confidence and creating friendships. The club currently has around thirty active members, all of whom are of elementary school age, and a recreational group of adult beginners is currently being established.<\/p>\n<\/div><\/div><div class=\"w-separator size_huge\"><\/div><div class=\"g-cols wpb_row us_custom_ff94b2f1 via_grid cols_3-2 laptops-cols_inherit tablets-cols_1 mobiles-cols_1 valign_bottom type_default stacking_default\" style=\"--columns-gap:4vw;\"><div class=\"wpb_column vc_column_container us_custom_3a27c6c2 us_animate_this has_bg_color\"><div class=\"vc_column-inner\"><div class=\"w-separator us_custom_8ffe3a6b size_custom\" style=\"height:400px\"><\/div><\/div><\/div><div class=\"wpb_column vc_column_container us_custom_46b0394c us_animate_this\"><div class=\"vc_column-inner\"><h3 class=\"w-text us_custom_30c01085\"><span class=\"w-text-h\"><span class=\"w-text-value\">Volleyball school<\/span><\/span><\/h3><div class=\"wpb_text_column\"><div class=\"wpb_wrapper\"><p>Designed for complete beginners, girls who have trained before, and those who want to further improve their technique.<\/p>\n<\/div><\/div><\/div><\/div><\/div><div class=\"w-separator size_huge\"><\/div><div class=\"g-cols wpb_row us_custom_536ba7ca via_grid cols_2-3 laptops-cols_inherit tablets-cols_1 mobiles-cols_1 valign_top type_default reversed stacking_default\" style=\"--columns-gap:4vw;\"><div class=\"wpb_column vc_column_container us_custom_ee5fb6ee us_animate_this\"><div class=\"vc_column-inner\"><h3 class=\"w-text us_custom_30c01085\"><span class=\"w-text-h\"><span class=\"w-text-value\">Recreation<\/span><\/span><\/h3><div class=\"wpb_text_column\"><div class=\"wpb_wrapper\"><p>Training are adapted to the age and knowledge level of the participants.<\/p>\n<\/div><\/div><div class=\"w-separator size_medium\"><\/div><div class=\"w-separator us_custom_8ffe3a6b size_custom\" style=\"height:200px\"><\/div><div class=\"w-btn-wrapper align_none\"><a class=\"w-btn us-btn-style_1\" href=\"https:\/\/ok-oriovac.hr\/en\/contact\/\"><span class=\"w-btn-label\">Contact us<\/span><\/a><\/div><\/div><\/div><div class=\"wpb_column vc_column_container us_custom_2237a8b2 us_animate_this has_bg_color\"><div class=\"vc_column-inner\"><\/div><\/div><\/div><\/div><\/div><\/div><\/div><\/section><section class=\"l-section wpb_row us_custom_9ad16fb4 has_text_color height_medium\"><div class=\"l-section-h i-cf\"><div class=\"g-cols vc_row via_grid cols_1 laptops-cols_inherit tablets-cols_inherit mobiles-cols_1 valign_top type_default stacking_default\" style=\"--columns-gap:5rem;\"><div class=\"wpb_column vc_column_container us_custom_caba12ba has_text_color us_animate_this has_bg_color\"><div class=\"vc_column-inner\"><div class=\"g-cols wpb_row via_grid cols_2 laptops-cols_inherit tablets-cols_inherit mobiles-cols_1 valign_bottom type_default stacking_default\" style=\"--columns-gap:0px;\"><div class=\"wpb_column vc_column_container us_custom_32a715af\"><div class=\"vc_column-inner\"><div class=\"wpb_text_column\"><div class=\"wpb_wrapper\"><h2>Contact and location<\/h2>\n<p>President: Julijana Ore\u0161kovi\u0107<br \/>\nPhone: +385 99 314 5215<br \/>\nEmail: odbojka.oriovac@gmail.com<\/p>\n<p>Coach: Ivan \u0110or\u0111evi\u0107<br \/>\nPhone: +385 92 232 3329<\/p>\n<p>For all inquiries related to registrations, schedules or the program feel free to contact us.<\/p>\n<\/div><\/div><div class=\"w-separator size_small\"><\/div><div class=\"w-btn-wrapper align_none\"><a class=\"w-btn us-btn-style_4 us_custom_2381e58b\" href=\"https:\/\/ok-oriovac.hr\/en\/contact\/\"><span class=\"w-btn-label\">Contact us<\/span><\/a><\/div><\/div><\/div><div class=\"wpb_column vc_column_container\"><div class=\"vc_column-inner\"><div class=\"w-image us_custom_cc310aef has_ratio align_none\"><div class=\"w-image-h\"><div style=\"padding-bottom:100%\"><\/div><img decoding=\"async\" width=\"1024\" height=\"683\" src=\"https:\/\/ok-oriovac.hr\/wp-content\/uploads\/2026\/02\/kontakt_homepage-1024x683.jpg\" class=\"attachment-large size-large\" alt=\"\" loading=\"lazy\" \/><\/div><\/div><\/div><\/div><\/div><\/div><\/div><\/div><\/div><\/section>\n","protected":false},"excerpt":{"rendered":"","protected":false},"author":1,"featured_media":0,"parent":0,"menu_order":0,"comment_status":"closed","ping_status":"closed","template":"","meta":{"footnotes":""},"class_list":["post-200","page","type-page","status-publish","hentry"],"yoast_head":"<!-- This site is optimized with the Yoast SEO plugin v27.1.1 - https:\/\/yoast.com\/product\/yoast-seo-wordpress\/ -->\n<title>OK Oriovac | Official Website of Volleyball Club Oriovac<\/title>\n<meta name=\"description\" content=\"Welcome to the official home of OK Oriovac! Follow our matches, join our volleyball academy, and support our teams in their pursuit of excellence.\" \/>\n<meta name=\"robots\" content=\"index, follow, max-snippet:-1, max-image-preview:large, max-video-preview:-1\" \/>\n<link rel=\"canonical\" href=\"https:\/\/ok-oriovac.hr\/en\/\" \/>\n<meta property=\"og:locale\" content=\"en_US\" \/>\n<meta property=\"og:type\" content=\"article\" \/>\n<meta property=\"og:title\" content=\"OK Oriovac | Official Website of Volleyball Club Oriovac\" \/>\n<meta property=\"og:description\" content=\"Welcome to the official home of OK Oriovac! Follow our matches, join our volleyball academy, and support our teams in their pursuit of excellence.\" \/>\n<meta property=\"og:url\" content=\"https:\/\/ok-oriovac.hr\/en\/\" \/>\n<meta property=\"og:site_name\" content=\"OK Oriovac\" \/>\n<meta property=\"article:modified_time\" content=\"2026-03-16T09:21:25+00:00\" \/>\n<meta name=\"twitter:card\" content=\"summary_large_image\" \/>\n<meta name=\"twitter:label1\" content=\"Est. reading time\" \/>\n\t<meta name=\"twitter:data1\" content=\"13 minutes\" \/>\n<script type=\"application\/ld+json\" class=\"yoast-schema-graph\">{\"@context\":\"https:\/\/schema.org\",\"@graph\":[{\"@type\":\"WebPage\",\"@id\":\"https:\/\/ok-oriovac.hr\/en\/\",\"url\":\"https:\/\/ok-oriovac.hr\/en\/\",\"name\":\"OK Oriovac | Official Website of Volleyball Club Oriovac\",\"isPartOf\":{\"@id\":\"https:\/\/ok-oriovac.hr\/en\/#website\"},\"datePublished\":\"2026-02-26T11:38:43+00:00\",\"dateModified\":\"2026-03-16T09:21:25+00:00\",\"description\":\"Welcome to the official home of OK Oriovac! Follow our matches, join our volleyball academy, and support our teams in their pursuit of excellence.\",\"breadcrumb\":{\"@id\":\"https:\/\/ok-oriovac.hr\/en\/#breadcrumb\"},\"inLanguage\":\"en-US\",\"potentialAction\":[{\"@type\":\"ReadAction\",\"target\":[\"https:\/\/ok-oriovac.hr\/en\/\"]}]},{\"@type\":\"BreadcrumbList\",\"@id\":\"https:\/\/ok-oriovac.hr\/en\/#breadcrumb\",\"itemListElement\":[{\"@type\":\"ListItem\",\"position\":1,\"name\":\"Po\u010detna stranica\",\"item\":\"https:\/\/ok-oriovac.hr\/en\/homepage\/\"},{\"@type\":\"ListItem\",\"position\":2,\"name\":\"Homepage\"}]},{\"@type\":\"WebSite\",\"@id\":\"https:\/\/ok-oriovac.hr\/en\/#website\",\"url\":\"https:\/\/ok-oriovac.hr\/en\/\",\"name\":\"OK Oriovac\",\"description\":\"\",\"potentialAction\":[{\"@type\":\"SearchAction\",\"target\":{\"@type\":\"EntryPoint\",\"urlTemplate\":\"https:\/\/ok-oriovac.hr\/en\/?s={search_term_string}\"},\"query-input\":{\"@type\":\"PropertyValueSpecification\",\"valueRequired\":true,\"valueName\":\"search_term_string\"}}],\"inLanguage\":\"en-US\"}]}<\/script>\n<!-- \/ Yoast SEO plugin. -->","yoast_head_json":{"title":"OK Oriovac | Official Website of Volleyball Club Oriovac","description":"Welcome to the official home of OK Oriovac! Follow our matches, join our volleyball academy, and support our teams in their pursuit of excellence.","robots":{"index":"index","follow":"follow","max-snippet":"max-snippet:-1","max-image-preview":"max-image-preview:large","max-video-preview":"max-video-preview:-1"},"canonical":"https:\/\/ok-oriovac.hr\/en\/","og_locale":"en_US","og_type":"article","og_title":"OK Oriovac | Official Website of Volleyball Club Oriovac","og_description":"Welcome to the official home of OK Oriovac! Follow our matches, join our volleyball academy, and support our teams in their pursuit of excellence.","og_url":"https:\/\/ok-oriovac.hr\/en\/","og_site_name":"OK Oriovac","article_modified_time":"2026-03-16T09:21:25+00:00","twitter_card":"summary_large_image","twitter_misc":{"Est. reading time":"13 minutes"},"schema":{"@context":"https:\/\/schema.org","@graph":[{"@type":"WebPage","@id":"https:\/\/ok-oriovac.hr\/en\/","url":"https:\/\/ok-oriovac.hr\/en\/","name":"OK Oriovac | Official Website of Volleyball Club Oriovac","isPartOf":{"@id":"https:\/\/ok-oriovac.hr\/en\/#website"},"datePublished":"2026-02-26T11:38:43+00:00","dateModified":"2026-03-16T09:21:25+00:00","description":"Welcome to the official home of OK Oriovac! Follow our matches, join our volleyball academy, and support our teams in their pursuit of excellence.","breadcrumb":{"@id":"https:\/\/ok-oriovac.hr\/en\/#breadcrumb"},"inLanguage":"en-US","potentialAction":[{"@type":"ReadAction","target":["https:\/\/ok-oriovac.hr\/en\/"]}]},{"@type":"BreadcrumbList","@id":"https:\/\/ok-oriovac.hr\/en\/#breadcrumb","itemListElement":[{"@type":"ListItem","position":1,"name":"Po\u010detna stranica","item":"https:\/\/ok-oriovac.hr\/en\/homepage\/"},{"@type":"ListItem","position":2,"name":"Homepage"}]},{"@type":"WebSite","@id":"https:\/\/ok-oriovac.hr\/en\/#website","url":"https:\/\/ok-oriovac.hr\/en\/","name":"OK Oriovac","description":"","potentialAction":[{"@type":"SearchAction","target":{"@type":"EntryPoint","urlTemplate":"https:\/\/ok-oriovac.hr\/en\/?s={search_term_string}"},"query-input":{"@type":"PropertyValueSpecification","valueRequired":true,"valueName":"search_term_string"}}],"inLanguage":"en-US"}]}},"_links":{"self":[{"href":"https:\/\/ok-oriovac.hr\/en\/wp-json\/wp\/v2\/pages\/200","targetHints":{"allow":["GET"]}}],"collection":[{"href":"https:\/\/ok-oriovac.hr\/en\/wp-json\/wp\/v2\/pages"}],"about":[{"href":"https:\/\/ok-oriovac.hr\/en\/wp-json\/wp\/v2\/types\/page"}],"author":[{"embeddable":true,"href":"https:\/\/ok-oriovac.hr\/en\/wp-json\/wp\/v2\/users\/1"}],"replies":[{"embeddable":true,"href":"https:\/\/ok-oriovac.hr\/en\/wp-json\/wp\/v2\/comments?post=200"}],"version-history":[{"count":8,"href":"https:\/\/ok-oriovac.hr\/en\/wp-json\/wp\/v2\/pages\/200\/revisions"}],"predecessor-version":[{"id":342,"href":"https:\/\/ok-oriovac.hr\/en\/wp-json\/wp\/v2\/pages\/200\/revisions\/342"}],"wp:attachment":[{"href":"https:\/\/ok-oriovac.hr\/en\/wp-json\/wp\/v2\/media?parent=200"}],"curies":[{"name":"wp","href":"https:\/\/api.w.org\/{rel}","templated":true}]}}